{"id":28,"date":"2024-03-19T11:41:35","date_gmt":"2024-03-19T11:41:35","guid":{"rendered":"https:\/\/bk-medjimurje.hr\/public_html\/?page_id=28"},"modified":"2024-03-19T13:00:03","modified_gmt":"2024-03-19T13:00:03","slug":"contact","status":"publish","type":"page","link":"https:\/\/bk-medjimurje.hr\/public_html\/?page_id=28","title":{"rendered":"Kontakt"},"content":{"rendered":"\r\n\r\n\r\n<div class=\"wp-block-kadence-column kadence-column18047_f35946-01 inner-column-1\">\r\n<div class=\"kt-inside-inner-col\">\r\n<h1 class=\"kt-adv-heading18047_dabefe-9f wp-block-kadence-advancedheading has-theme-palette-9-color has-text-color\" data-kb-block=\"kb-adv-heading18047_dabefe-9f\">Contact Us<\/h1>\r\n\r\n\r\n <span class=\"kt-adv-heading18047_1a0a08-74 wp-block-kadence-advancedheading has-theme-palette-9-color has-text-color\" data-kb-block=\"kb-adv-heading18047_1a0a08-74\">Add an overline text<\/span> <\/div>\r\n<\/div>\r\n\r\n\r\n\r\n\r\n\r\n<div class=\"wp-block-kadence-column kadence-column14915_2056e8-7f kb-section-dir-vertical inner-column-2\">\r\n<div class=\"kt-inside-inner-col\">\r\n<div class=\"wp-block-kadence-form kadence-form-14915_f726f2-0e kb-form-wrap\"><form class=\"kb-form\" action=\"\" method=\"post\">\r\n<div class=\"kadence-blocks-form-field kb-field-desk-width-100 kb-input-size-standard\"><label for=\"kb_field_14915_f726f2-0e_0\">Full Name<span class=\"required\">*<\/span><\/label><input id=\"kb_field_14915_f726f2-0e_0\" class=\"kb-field kb-text-style-field kb-text-field kb-field-0\" name=\"kb_field_0\" type=\"text\" value=\"\" placeholder=\"\" data-label=\"Full Name\" data-type=\"text\" data-required=\"yes\" \/><\/div>\r\n<div class=\"kadence-blocks-form-field kb-form-field-1 kb-field-desk-width-100 kb-input-size-standard\"><label for=\"kb_field_14915_f726f2-0e_1\">Email<span class=\"required\">*<\/span><\/label><input id=\"kb_field_14915_f726f2-0e_1\" class=\"kb-field kb-text-style-field kb-email-field kb-field-1\" name=\"kb_field_1\" type=\"email\" value=\"\" placeholder=\"\" data-label=\"Email\" data-type=\"email\" data-required=\"yes\" \/><\/div>\r\n<div class=\"kadence-blocks-form-field kb-form-field-2 kb-field-desk-width-100 kb-input-size-standard\"><label for=\"kb_field_14915_f726f2-0e_2\">Message<span class=\"required\">*<\/span><\/label><textarea id=\"kb_field_14915_f726f2-0e_2\" class=\"kb-field kb-text-style-field kb-textarea-field kb-field-2\" name=\"kb_field_2\" rows=\"4\" placeholder=\"\" data-label=\"Message\" data-type=\"textarea\" data-required=\"yes\"><\/textarea><\/div>\r\n<input name=\"_kb_form_id\" type=\"hidden\" value=\"14915_f726f2-0e\" \/><input name=\"_kb_form_post_id\" type=\"hidden\" value=\"14915\" \/><input name=\"action\" type=\"hidden\" value=\"kb_process_ajax_submit\" \/><input class=\"kadence-blocks-field verify\" tabindex=\"-1\" autocomplete=\"off\" name=\"_kb_verify_email\" type=\"text\" placeholder=\"Email\" aria-hidden=\"true\" \/>\r\n<div class=\"kadence-blocks-form-field kb-submit-field kb-field-desk-width-100\"><button class=\"kb-forms-submit button kb-button-size-standard kb-button-width-auto\">Send Message<\/button><\/div>\r\n<\/form><\/div>\r\n<\/div>\r\n<\/div>\r\n\r\n\r\n\r\n<div class=\"wp-block-kadence-column kadence-column14915_0609f0-bb kb-section-dir-vertical inner-column-1\">\r\n<div class=\"kt-inside-inner-col\">\r\n<div class=\"kt-adv-heading14915_2f4781-30 wp-block-kadence-advancedheading has-theme-palette-1-color has-text-color\" data-kb-block=\"kb-adv-heading14915_2f4781-30\">Add an overline<\/div>\r\n\r\n\r\n\r\n<h2 class=\"kt-adv-heading14915_677058-e9 wp-block-kadence-advancedheading has-theme-palette-3-color has-text-color\" data-kb-block=\"kb-adv-heading14915_677058-e9\">Contact Us<\/h2>\r\n\r\n\r\n\r\n<p class=\"kt-adv-heading14915_bd6fd9-b0 wp-block-kadence-advancedheading has-theme-palette-3-color has-text-color\" data-kb-block=\"kb-adv-heading14915_bd6fd9-b0\">Badmintonski klub Me\u0111imurje, located at Buzove\u010dka ulica 21, 40000 \u010cakovec, commemorated 30 years of successful operation with a special celebration.<\/p>\r\n\r\n\r\n\r\n<div class=\"wp-block-kadence-column kadence-column14915_e9debc-c9 kb-section-dir-horizontal\">\r\n<div class=\"kt-inside-inner-col\"> <span class=\"kt-adv-heading14915_7956e4-87 wp-block-kadence-advancedheading has-theme-palette-3-color has-text-color\" data-kb-block=\"kb-adv-heading14915_7956e4-87\">Socials:<\/span> \r\n\r\n\r\n<div class=\"wp-block-kadence-icon kt-svg-icons kt-svg-icons14915_f1d9c4-71 alignnone\">\r\n<div class=\"wp-block-kadence-single-icon kt-svg-style-stacked kt-svg-icon-wrap kt-svg-item-14915_a00a16-6b\">\u00a0<\/div>\r\n\r\n\r\n\r\n<div class=\"wp-block-kadence-single-icon kt-svg-style-stacked kt-svg-icon-wrap kt-svg-item-14915_c33a9d-b6\">\u00a0<\/div>\r\n\r\n\r\n\r\n<div class=\"wp-block-kadence-single-icon kt-svg-style-stacked kt-svg-icon-wrap kt-svg-item-14915_660fd6-c7\">\u00a0<\/div>\r\n<\/div>\r\n<\/div>\r\n<\/div>\r\n<\/div>\r\n<\/div>\r\n\r\n\r\n\r\n\r\n\r\n<div class=\"wp-block-kadence-column kadence-column14910_a2b1ba-ac\">\r\n<div class=\"kt-inside-inner-col\">\r\n<h2 class=\"kt-adv-heading14910_9fbb3b-7d wp-block-kadence-advancedheading has-theme-palette-9-color has-text-color\" data-kb-block=\"kb-adv-heading14910_9fbb3b-7d\">Join the Premier Badminton Club in Me\u0111imurje<\/h2>\r\n<\/div>\r\n<\/div>\r\n\r\n\r\n\r\n\r\n\r\n<div class=\"wp-block-kadence-column kadence-column14918_6ac8c7-e7\">\r\n<div class=\"kt-inside-inner-col\">\r\n<div class=\"kt-adv-heading14918_8f2f4e-18 wp-block-kadence-advancedheading has-theme-palette-1-color has-text-color\" data-kb-block=\"kb-adv-heading14918_8f2f4e-18\">Badminton Club<\/div>\r\n\r\n\r\n\r\n<h2 class=\"kt-adv-heading14918_9e9879-4a wp-block-kadence-advancedheading\" data-kb-block=\"kb-adv-heading14918_9e9879-4a\">Explore<\/h2>\r\n\r\n\r\n\r\n\r\n\r\n<div class=\"wp-block-kadence-column kadence-column14918_818970-8c\">\r\n<div class=\"kt-inside-inner-col\">\r\n<div class=\"wp-block-kadence-infobox kt-info-box14918_e88c59-a1\">\r\n<div class=\"kt-blocks-info-box-link-wrap kt-blocks-info-box-media-align-top kt-info-halign-center\">\r\n<div class=\"kt-blocks-info-box-media-container\">\r\n<div class=\"kt-blocks-info-box-media kt-info-media-animate-none\">\r\n<div class=\"kadence-info-box-icon-container kt-info-icon-animate-none\">\r\n<div class=\"kadence-info-box-icon-inner-container\">\u00a0<\/div>\r\n<\/div>\r\n<\/div>\r\n<\/div>\r\n<div class=\"kt-infobox-textcontent\">\r\n<div class=\"kt-blocks-info-box-title\">Celebration<\/div>\r\n<p class=\"kt-blocks-info-box-text\">Held a grand event at II.O\u0160 \u010cakovec to celebrate 30 years of success.<\/p>\r\n<\/div>\r\n<\/div>\r\n<\/div>\r\n<\/div>\r\n<\/div>\r\n\r\n\r\n\r\n<div class=\"wp-block-kadence-column kadence-column14918_e1aca7-20\">\r\n<div class=\"kt-inside-inner-col\">\r\n<div class=\"wp-block-kadence-infobox kt-info-box14918_6c055e-2d\">\r\n<div class=\"kt-blocks-info-box-link-wrap kt-blocks-info-box-media-align-top kt-info-halign-center\">\r\n<div class=\"kt-blocks-info-box-media-container\">\r\n<div class=\"kt-blocks-info-box-media kt-info-media-animate-none\">\r\n<div class=\"kadence-info-box-icon-container kt-info-icon-animate-none\">\r\n<div class=\"kadence-info-box-icon-inner-container\">\u00a0<\/div>\r\n<\/div>\r\n<\/div>\r\n<\/div>\r\n<div class=\"kt-infobox-textcontent\">\r\n<div class=\"kt-blocks-info-box-title\">Guests<\/div>\r\n<p class=\"kt-blocks-info-box-text\">Presence of various dignitaries and representatives from the sports community.<\/p>\r\n<\/div>\r\n<\/div>\r\n<\/div>\r\n<\/div>\r\n<\/div>\r\n\r\n\r\n\r\n<div class=\"wp-block-kadence-column kadence-column14918_8a32a0-ad\">\r\n<div class=\"kt-inside-inner-col\">\r\n<div class=\"wp-block-kadence-infobox kt-info-box14918_dd3a9f-80\">\r\n<div class=\"kt-blocks-info-box-link-wrap kt-blocks-info-box-media-align-top kt-info-halign-center\">\r\n<div class=\"kt-blocks-info-box-media-container\">\r\n<div class=\"kt-blocks-info-box-media kt-info-media-animate-none\">\r\n<div class=\"kadence-info-box-icon-container kt-info-icon-animate-none\">\r\n<div class=\"kadence-info-box-icon-inner-container\">\u00a0<\/div>\r\n<\/div>\r\n<\/div>\r\n<\/div>\r\n<div class=\"kt-infobox-textcontent\">\r\n<div class=\"kt-blocks-info-box-title\">Speeches<\/div>\r\n<p class=\"kt-blocks-info-box-text\">Address by the club president and vice president, reflecting on the club&#8217;s history.<\/p>\r\n<\/div>\r\n<\/div>\r\n<\/div>\r\n<\/div>\r\n<\/div>\r\n<\/div>\r\n<\/div>\r\n","protected":false},"excerpt":{"rendered":"","protected":false},"author":1,"featured_media":0,"parent":0,"menu_order":0,"comment_status":"closed","ping_status":"closed","template":"","meta":{"_kadence_starter_templates_imported_post":true,"_kad_post_transparent":"default","_kad_post_title":"hide","_kad_post_layout":"fullwidth","_kad_post_sidebar_id":"","_kad_post_content_style":"unboxed","_kad_post_vertical_padding":"hide","_kad_post_feature":"hide","_kad_post_feature_position":"","_kad_post_header":false,"_kad_post_footer":false,"_kad_post_classname":"","footnotes":""},"class_list":["post-28","page","type-page","status-publish","hentry"],"_links":{"self":[{"href":"https:\/\/bk-medjimurje.hr\/public_html\/index.php?rest_route=\/wp\/v2\/pages\/28","targetHints":{"allow":["GET"]}}],"collection":[{"href":"https:\/\/bk-medjimurje.hr\/public_html\/index.php?rest_route=\/wp\/v2\/pages"}],"about":[{"href":"https:\/\/bk-medjimurje.hr\/public_html\/index.php?rest_route=\/wp\/v2\/types\/page"}],"author":[{"embeddable":true,"href":"https:\/\/bk-medjimurje.hr\/public_html\/index.php?rest_route=\/wp\/v2\/users\/1"}],"replies":[{"embeddable":true,"href":"https:\/\/bk-medjimurje.hr\/public_html\/index.php?rest_route=%2Fwp%2Fv2%2Fcomments&post=28"}],"version-history":[{"count":1,"href":"https:\/\/bk-medjimurje.hr\/public_html\/index.php?rest_route=\/wp\/v2\/pages\/28\/revisions"}],"predecessor-version":[{"id":64,"href":"https:\/\/bk-medjimurje.hr\/public_html\/index.php?rest_route=\/wp\/v2\/pages\/28\/revisions\/64"}],"wp:attachment":[{"href":"https:\/\/bk-medjimurje.hr\/public_html\/index.php?rest_route=%2Fwp%2Fv2%2Fmedia&parent=28"}],"curies":[{"name":"wp","href":"https:\/\/api.w.org\/{rel}","templated":true}]}}